{"id":1913,"date":"2025-01-06T02:23:41","date_gmt":"2025-01-06T02:23:41","guid":{"rendered":"https:\/\/arkmindtech.com\/?page_id=1913"},"modified":"2025-11-11T16:03:46","modified_gmt":"2025-11-11T16:03:46","slug":"sites-gratis-contacto","status":"publish","type":"page","link":"https:\/\/arkmindtech.com\/en\/free-website-creation\/","title":{"rendered":"Free contact sites"},"content":{"rendered":"\t\t<div data-elementor-type=\"wp-page\" data-elementor-id=\"1913\" class=\"elementor elementor-1913\" data-elementor-post-type=\"page\">\n\t\t\t\t<div class=\"has_eae_slider elementor-element elementor-element-48a50c2d e-con-full e-flex e-con e-parent\" data-eae-slider=\"53745\" data-id=\"48a50c2d\" data-element_type=\"container\" data-e-type=\"container\" data-settings=\"{&quot;background_background&quot;:&quot;gradient&quot;,&quot;background_motion_fx_motion_fx_scrolling&quot;:&quot;yes&quot;,&quot;background_motion_fx_translateX_effect&quot;:&quot;yes&quot;,&quot;background_motion_fx_translateX_speed&quot;:{&quot;unit&quot;:&quot;px&quot;,&quot;size&quot;:6.5,&quot;sizes&quot;:[]},&quot;background_motion_fx_translateX_affectedRange&quot;:{&quot;unit&quot;:&quot;%&quot;,&quot;size&quot;:&quot;&quot;,&quot;sizes&quot;:{&quot;start&quot;:0,&quot;end&quot;:100}},&quot;background_motion_fx_devices&quot;:[&quot;desktop&quot;,&quot;laptop&quot;,&quot;tablet&quot;,&quot;mobile&quot;]}\">\n\t\t<div class=\"has_eae_slider elementor-element elementor-element-288b71f3 e-flex e-con-boxed elementor-invisible e-con e-child\" data-eae-slider=\"57640\" data-id=\"288b71f3\" data-element_type=\"container\" data-e-type=\"container\" data-settings=\"{&quot;animation&quot;:&quot;slideInUp&quot;,&quot;animation_delay&quot;:150}\">\n\t\t\t\t\t<div class=\"e-con-inner\">\n\t\t<div class=\"has_eae_slider elementor-element elementor-element-6fb85d4 e-con-full e-flex e-con e-child\" data-eae-slider=\"80974\" data-id=\"6fb85d4\" data-element_type=\"container\" data-e-type=\"container\">\n\t\t\t\t<div class=\"elementor-element elementor-element-e371780 elementor-widget elementor-widget-heading\" data-id=\"e371780\" data-element_type=\"widget\" data-e-type=\"widget\" data-widget_type=\"heading.default\">\n\t\t\t\t<div class=\"elementor-widget-container\">\n\t\t\t\t\t<h1 class=\"elementor-heading-title elementor-size-default\">Estamos Aqui para Ajudar<\/h1>\t\t\t\t<\/div>\n\t\t\t\t<\/div>\n\t\t\t\t<\/div>\n\t\t\t\t\t<\/div>\n\t\t\t\t<\/div>\n\t\t\t\t<\/div>\n\t\t<div class=\"has_eae_slider elementor-element elementor-element-3ea03f64 e-flex e-con-boxed e-con e-parent\" data-eae-slider=\"38853\" data-id=\"3ea03f64\" data-element_type=\"container\" data-e-type=\"container\">\n\t\t\t\t\t<div class=\"e-con-inner\">\n\t\t<div class=\"has_eae_slider elementor-element elementor-element-76a33fd e-con-full e-flex e-con e-child\" data-eae-slider=\"94071\" data-id=\"76a33fd\" data-element_type=\"container\" data-e-type=\"container\">\n\t\t\t\t<div class=\"elementor-element elementor-element-2606978c eael-wpforms-labels-yes eael-wpforms-form-button-custom elementor-widget elementor-widget-eael-wpforms\" data-id=\"2606978c\" data-element_type=\"widget\" data-e-type=\"widget\" data-widget_type=\"eael-wpforms.default\">\n\t\t\t\t<div class=\"elementor-widget-container\">\n\t\t\t\t\t            <div class=\"eael-contact-form eael-wpforms placeholder-hide eael-custom-radio-checkbox eael-wpforms-align-default\">\n                                <div class=\"wpforms-container wpforms-container-full wpforms-render-modern\" id=\"wpforms-2054\"><form id=\"wpforms-form-2054\" class=\"wpforms-validate wpforms-form wpforms-ajax-form\" data-formid=\"2054\" method=\"post\" enctype=\"multipart\/form-data\" action=\"\/en\/wp-json\/wp\/v2\/pages\/1913\" data-token=\"3bc1d40a3bf33f11f2d60d9d231b7035\" data-token-time=\"1778601143\"><div class=\"wpforms-head-container\"><\/div><noscript class=\"wpforms-error-noscript\">Please enable JavaScript in your browser to complete this form.<\/noscript><div class=\"wpforms-hidden\" id=\"wpforms-error-noscript\">Please enable JavaScript in your browser to complete this form.<\/div><div class=\"wpforms-page-indicator progress\" data-indicator=\"progress\" data-indicator-color=\"#066aab\" data-scroll=\"1\" role=\"progressbar\" aria-valuenow=\"1\" aria-valuemin=\"1\" aria-valuemax=\"3\" tabindex=\"-1\"><span class=\"wpforms-page-indicator-page-title\" data-page-1-title=\"Informa\u00e7\u00f5es b\u00e1sicas\" data-page-2-title=\"Detalhes do projeto\" data-page-3-title=\"Prefer\u00eancias do site\">Informa\u00e7\u00f5es b\u00e1sicas<\/span><span class=\"wpforms-page-indicator-page-title-sep\" > - <\/span><span class=\"wpforms-page-indicator-steps\">Step <span class=\"wpforms-page-indicator-steps-current\">1<\/span> of 3<\/span><div class=\"wpforms-page-indicator-page-progress-wrap\"><div class=\"wpforms-page-indicator-page-progress\" style=\"width:33.333333333333%;background-color:#066aab\"><\/div><\/div><\/div><div class=\"wpforms-field-container\"><div class=\"wpforms-page wpforms-page-1 \" data-page=\"1\"><div id=\"wpforms-2054-field_3-container\" class=\"wpforms-field wpforms-field-pagebreak\" data-field-id=\"3\"><\/div><div id=\"wpforms-2054-field_12-container\" class=\"wpforms-field wpforms-field-layout\" data-field-id=\"12\"><div class=\"wpforms-field-layout-rows wpforms-field-large\"><div class=\"wpforms-layout-row\"><div class=\"wpforms-layout-column wpforms-layout-column-50\"><div id=\"wpforms-2054-field_6-container\" class=\"wpforms-field wpforms-field-name\" data-field-id=\"6\"><label class=\"wpforms-field-label\" for=\"wpforms-2054-field_6\">Nome <span class=\"wpforms-required-label\" aria-hidden=\"true\">*<\/span><\/label><input type=\"text\" id=\"wpforms-2054-field_6\" class=\"wpforms-field-medium wpforms-field-required\" name=\"wpforms[fields][6]\" aria-errormessage=\"wpforms-2054-field_6-error\" required><\/div><\/div><div class=\"wpforms-layout-column wpforms-layout-column-50\"><div id=\"wpforms-2054-field_7-container\" class=\"wpforms-field wpforms-field-phone\" data-field-id=\"7\"><label class=\"wpforms-field-label\" for=\"wpforms-2054-field_7\">Telefone <span class=\"wpforms-required-label\" aria-hidden=\"true\">*<\/span><\/label><input type=\"tel\" id=\"wpforms-2054-field_7\" class=\"wpforms-field-medium wpforms-field-required wpforms-smart-phone-field\" data-rule-smart-phone-field=\"true\" name=\"wpforms[fields][7]\" placeholder=\"Telefone\" aria-label=\"Telefone\" aria-errormessage=\"wpforms-2054-field_7-error\" required><\/div><\/div><\/div><div class=\"wpforms-layout-row\"><div class=\"wpforms-layout-column wpforms-layout-column-50\"><div id=\"wpforms-2054-field_8-container\" class=\"wpforms-field wpforms-field-email\" data-field-id=\"8\"><label class=\"wpforms-field-label\" for=\"wpforms-2054-field_8\">Email <span class=\"wpforms-required-label\" aria-hidden=\"true\">*<\/span><\/label><input type=\"email\" id=\"wpforms-2054-field_8\" class=\"wpforms-field-medium wpforms-field-required\" name=\"wpforms[fields][8]\" spellcheck=\"false\" aria-errormessage=\"wpforms-2054-field_8-error\" required><\/div><\/div><div class=\"wpforms-layout-column wpforms-layout-column-50\"><div id=\"wpforms-2054-field_10-container\" class=\"wpforms-field wpforms-field-text\" data-field-id=\"10\"><label class=\"wpforms-field-label\" for=\"wpforms-2054-field_10\">Nome da Empresa<\/label><input type=\"text\" id=\"wpforms-2054-field_10\" class=\"wpforms-field-medium\" name=\"wpforms[fields][10]\" aria-errormessage=\"wpforms-2054-field_10-error\" ><\/div><\/div><\/div><\/div><\/div><div id=\"wpforms-2054-field_2-container\" class=\"wpforms-field wpforms-field-pagebreak\" data-field-id=\"2\"><div class=\"wpforms-clear wpforms-pagebreak-left\"><button class=\"wpforms-page-button wpforms-page-next wpforms-disabled\"\n\t\t\t\t\tdata-action=\"next\" data-page=\"1\" data-formid=\"2054\" aria-disabled=\"true\" aria-describedby=\"wpforms-error-noscript\">pr\u00f3ximo<\/button><\/div><\/div><\/div><div class=\"wpforms-page wpforms-page-2  \" data-page=\"2\" style=\"display:none;\"><div id=\"wpforms-2054-field_11-container\" class=\"wpforms-field wpforms-field-layout\" data-field-id=\"11\"><div class=\"wpforms-field-layout-rows wpforms-field-large\"><div class=\"wpforms-layout-row\"><div class=\"wpforms-layout-column wpforms-layout-column-50\"><div id=\"wpforms-2054-field_9-container\" class=\"wpforms-field wpforms-field-checkbox wpforms-list-2-columns\" data-field-id=\"9\"><fieldset><legend class=\"wpforms-field-label\">Setor de Atua\u00e7\u00e3o<\/legend><ul id=\"wpforms-2054-field_9\"><li class=\"choice-1 depth-1\"><input type=\"checkbox\" id=\"wpforms-2054-field_9_1\" name=\"wpforms[fields][9][]\" value=\"E-commerce(venda online)\" aria-errormessage=\"wpforms-2054-field_9_1-error\"  ><label class=\"wpforms-field-label-inline\" for=\"wpforms-2054-field_9_1\">E-commerce(venda online)<\/label><\/li><li class=\"choice-2 depth-1\"><input type=\"checkbox\" id=\"wpforms-2054-field_9_2\" name=\"wpforms[fields][9][]\" value=\"Restaurantes\" aria-errormessage=\"wpforms-2054-field_9_2-error\"  ><label class=\"wpforms-field-label-inline\" for=\"wpforms-2054-field_9_2\">Restaurantes<\/label><\/li><li class=\"choice-3 depth-1\"><input type=\"checkbox\" id=\"wpforms-2054-field_9_3\" name=\"wpforms[fields][9][]\" value=\"Servi\u00e7os Profissionais (Consultoria, Advocacia, etc.)\" aria-errormessage=\"wpforms-2054-field_9_3-error\"  ><label class=\"wpforms-field-label-inline\" for=\"wpforms-2054-field_9_3\">Servi\u00e7os Profissionais (Consultoria, Advocacia, etc.)<\/label><\/li><li class=\"choice-4 depth-1\"><input type=\"checkbox\" id=\"wpforms-2054-field_9_4\" name=\"wpforms[fields][9][]\" value=\"Sa\u00fade e Bem-Estar\" aria-errormessage=\"wpforms-2054-field_9_4-error\"  ><label class=\"wpforms-field-label-inline\" for=\"wpforms-2054-field_9_4\">Sa\u00fade e Bem-Estar<\/label><\/li><li class=\"choice-5 depth-1\"><input type=\"checkbox\" id=\"wpforms-2054-field_9_5\" name=\"wpforms[fields][9][]\" value=\"Turismo e Hotelaria\" aria-errormessage=\"wpforms-2054-field_9_5-error\"  ><label class=\"wpforms-field-label-inline\" for=\"wpforms-2054-field_9_5\">Turismo e Hotelaria<\/label><\/li><li class=\"choice-6 depth-1\"><input type=\"checkbox\" id=\"wpforms-2054-field_9_6\" name=\"wpforms[fields][9][]\" value=\"Educa\u00e7\u00e3o e Treinamento\" aria-errormessage=\"wpforms-2054-field_9_6-error\"  ><label class=\"wpforms-field-label-inline\" for=\"wpforms-2054-field_9_6\">Educa\u00e7\u00e3o e Treinamento<\/label><\/li><li class=\"choice-7 depth-1\"><input type=\"checkbox\" id=\"wpforms-2054-field_9_7\" name=\"wpforms[fields][9][]\" value=\"Outros\" aria-errormessage=\"wpforms-2054-field_9_7-error\"  ><label class=\"wpforms-field-label-inline\" for=\"wpforms-2054-field_9_7\">Outros<\/label><\/li><\/ul><\/fieldset><\/div><\/div><div class=\"wpforms-layout-column wpforms-layout-column-50\"><div id=\"wpforms-2054-field_13-container\" class=\"wpforms-field wpforms-field-checkbox\" data-field-id=\"13\"><fieldset><legend class=\"wpforms-field-label\">Objetivo do Website<\/legend><ul id=\"wpforms-2054-field_13\"><li class=\"choice-1 depth-1\"><input type=\"checkbox\" id=\"wpforms-2054-field_13_1\" name=\"wpforms[fields][13][]\" value=\"Aumentar Vendas Online\" aria-errormessage=\"wpforms-2054-field_13_1-error\"  ><label class=\"wpforms-field-label-inline\" for=\"wpforms-2054-field_13_1\">Aumentar Vendas Online<\/label><\/li><li class=\"choice-2 depth-1\"><input type=\"checkbox\" id=\"wpforms-2054-field_13_2\" name=\"wpforms[fields][13][]\" value=\"Gerar Leads e Contatos\" aria-errormessage=\"wpforms-2054-field_13_2-error\"  ><label class=\"wpforms-field-label-inline\" for=\"wpforms-2054-field_13_2\">Gerar Leads e Contatos<\/label><\/li><li class=\"choice-3 depth-1\"><input type=\"checkbox\" id=\"wpforms-2054-field_13_3\" name=\"wpforms[fields][13][]\" value=\"Expandir Presen\u00e7a Digital\" aria-errormessage=\"wpforms-2054-field_13_3-error\"  ><label class=\"wpforms-field-label-inline\" for=\"wpforms-2054-field_13_3\">Expandir Presen\u00e7a Digital<\/label><\/li><li class=\"choice-4 depth-1\"><input type=\"checkbox\" id=\"wpforms-2054-field_13_4\" name=\"wpforms[fields][13][]\" value=\"Melhorar a Comunica\u00e7\u00e3o com Clientes\" aria-errormessage=\"wpforms-2054-field_13_4-error\"  ><label class=\"wpforms-field-label-inline\" for=\"wpforms-2054-field_13_4\">Melhorar a Comunica\u00e7\u00e3o com Clientes<\/label><\/li><li class=\"choice-5 depth-1\"><input type=\"checkbox\" id=\"wpforms-2054-field_13_5\" name=\"wpforms[fields][13][]\" value=\"Construir Reputa\u00e7\u00e3o e Brand Awareness\" aria-errormessage=\"wpforms-2054-field_13_5-error\"  ><label class=\"wpforms-field-label-inline\" for=\"wpforms-2054-field_13_5\">Construir Reputa\u00e7\u00e3o e Brand Awareness<\/label><\/li><li class=\"choice-6 depth-1\"><input type=\"checkbox\" id=\"wpforms-2054-field_13_6\" name=\"wpforms[fields][13][]\" value=\"Oferecer Servi\u00e7os Online (Reservas, Consultas, etc.)\" aria-errormessage=\"wpforms-2054-field_13_6-error\"  ><label class=\"wpforms-field-label-inline\" for=\"wpforms-2054-field_13_6\">Oferecer Servi\u00e7os Online (Reservas, Consultas, etc.)<\/label><\/li><li class=\"choice-7 depth-1\"><input type=\"checkbox\" id=\"wpforms-2054-field_13_7\" name=\"wpforms[fields][13][]\" value=\"Lan\u00e7ar um Novo Produto ou Servi\u00e7o\" aria-errormessage=\"wpforms-2054-field_13_7-error\"  ><label class=\"wpforms-field-label-inline\" for=\"wpforms-2054-field_13_7\">Lan\u00e7ar um Novo Produto ou Servi\u00e7o<\/label><\/li><li class=\"choice-8 depth-1\"><input type=\"checkbox\" id=\"wpforms-2054-field_13_8\" name=\"wpforms[fields][13][]\" value=\"Aumentar o Tr\u00e1fego e Intera\u00e7\u00f5es no Site\" aria-errormessage=\"wpforms-2054-field_13_8-error\"  ><label class=\"wpforms-field-label-inline\" for=\"wpforms-2054-field_13_8\">Aumentar o Tr\u00e1fego e Intera\u00e7\u00f5es no Site<\/label><\/li><li class=\"choice-9 depth-1\"><input type=\"checkbox\" id=\"wpforms-2054-field_13_9\" name=\"wpforms[fields][13][]\" value=\"Outros\" aria-errormessage=\"wpforms-2054-field_13_9-error\"  ><label class=\"wpforms-field-label-inline\" for=\"wpforms-2054-field_13_9\">Outros<\/label><\/li><\/ul><\/fieldset><\/div><\/div><\/div><\/div><\/div><div id=\"wpforms-2054-field_14-container\" class=\"wpforms-field wpforms-field-pagebreak\" data-field-id=\"14\"><div class=\"wpforms-clear wpforms-pagebreak-left\"><button class=\"wpforms-page-button wpforms-page-prev wpforms-disabled\"\n\t\t\t\t\tdata-action=\"prev\" data-page=\"2\" data-formid=\"2054\" aria-disabled=\"true\" aria-describedby=\"wpforms-error-noscript\">Anterior<\/button><button class=\"wpforms-page-button wpforms-page-next wpforms-disabled\"\n\t\t\t\t\tdata-action=\"next\" data-page=\"2\" data-formid=\"2054\" aria-disabled=\"true\" aria-describedby=\"wpforms-error-noscript\">Pr\u00f3ximo<\/button><\/div><\/div><\/div><div class=\"wpforms-page wpforms-page-3 last \" data-page=\"3\" style=\"display:none;\"><div id=\"wpforms-2054-field_17-container\" class=\"wpforms-field wpforms-field-layout\" data-field-id=\"17\"><div class=\"wpforms-field-layout-rows wpforms-field-large\"><div class=\"wpforms-layout-row\"><div class=\"wpforms-layout-column wpforms-layout-column-50\"><div id=\"wpforms-2054-field_15-container\" class=\"wpforms-field wpforms-field-checkbox wpforms-conditional-trigger\" data-field-id=\"15\"><fieldset><legend class=\"wpforms-field-label\">J\u00e1 possui um site?<\/legend><ul id=\"wpforms-2054-field_15\"><li class=\"choice-1 depth-1\"><input type=\"checkbox\" id=\"wpforms-2054-field_15_1\" name=\"wpforms[fields][15][]\" value=\"Sim\" aria-errormessage=\"wpforms-2054-field_15_1-error\"  ><label class=\"wpforms-field-label-inline\" for=\"wpforms-2054-field_15_1\">Sim<\/label><\/li><li class=\"choice-2 depth-1\"><input type=\"checkbox\" id=\"wpforms-2054-field_15_2\" name=\"wpforms[fields][15][]\" value=\"N\u00e3o\" aria-errormessage=\"wpforms-2054-field_15_2-error\"  ><label class=\"wpforms-field-label-inline\" for=\"wpforms-2054-field_15_2\">N\u00e3o<\/label><\/li><\/ul><\/fieldset><\/div><\/div><div class=\"wpforms-layout-column wpforms-layout-column-50\"><div id=\"wpforms-2054-field_18-container\" class=\"wpforms-field wpforms-field-textarea\" data-field-id=\"18\"><label class=\"wpforms-field-label\" for=\"wpforms-2054-field_18\">Informa\u00e7\u00f5es Adicionais<\/label><textarea id=\"wpforms-2054-field_18\" class=\"wpforms-field-medium\" name=\"wpforms[fields][18]\" aria-errormessage=\"wpforms-2054-field_18-error\" ><\/textarea><\/div><\/div><\/div><div class=\"wpforms-layout-row\"><div class=\"wpforms-layout-column wpforms-layout-column-50\"><div id=\"wpforms-2054-field_16-container\" class=\"wpforms-field wpforms-field-text wpforms-conditional-field wpforms-conditional-show\" data-field-id=\"16\" style=\"display:none;\"><label class=\"wpforms-field-label\" for=\"wpforms-2054-field_16\">Qual \u00e9 a URL atual?<\/label><input type=\"text\" id=\"wpforms-2054-field_16\" class=\"wpforms-field-medium\" name=\"wpforms[fields][16]\" aria-errormessage=\"wpforms-2054-field_16-error\" ><\/div><\/div><div class=\"wpforms-layout-column wpforms-layout-column-50\"><\/div><\/div><\/div><\/div><div id=\"wpforms-2054-field_4-container\" class=\"wpforms-field wpforms-field-pagebreak\" data-field-id=\"4\"><\/div><\/div><\/div><!-- .wpforms-field-container --><div class=\"wpforms-recaptcha-container wpforms-is-recaptcha wpforms-is-recaptcha-type-v2\" style=\"display:none;\"><div class=\"g-recaptcha\" data-sitekey=\"6LfMhA0rAAAAAJT2C976UpviSr-Fz6coxiBvqvrQ\"><\/div><input type=\"text\" name=\"g-recaptcha-hidden\" class=\"wpforms-recaptcha-hidden\" style=\"position:absolute!important;clip:rect(0,0,0,0)!important;height:1px!important;width:1px!important;border:0!important;overflow:hidden!important;padding:0!important;margin:0!important;\" data-rule-recaptcha=\"1\"><\/div><div class=\"wpforms-submit-container\" style=\"display:none;\"><input type=\"hidden\" name=\"wpforms[id]\" value=\"2054\"><input type=\"hidden\" name=\"page_title\" value=\"\"><input type=\"hidden\" name=\"page_url\" value=\"https:\/\/arkmindtech.com\/en\/wp-json\/wp\/v2\/pages\/1913\"><button type=\"submit\" name=\"wpforms[submit]\" id=\"wpforms-submit-2054\" class=\"wpforms-submit\" data-alt-text=\"Enviar...\" data-submit-text=\"Enviar\" aria-live=\"assertive\" value=\"wpforms-submit\">Enviar<\/button><img decoding=\"async\" src=\"https:\/\/arkmindtech.com\/wp-content\/plugins\/wpforms\/assets\/images\/submit-spin.svg\" class=\"wpforms-submit-spinner\" style=\"display: none;\" width=\"26\" height=\"26\" alt=\"Loading\"><\/div><\/form><\/div>  <!-- .wpforms-container -->            <\/div>\n\t\t\t\t<\/div>\n\t\t\t\t<\/div>\n\t\t\t\t<\/div>\n\t\t\t\t\t<\/div>\n\t\t\t\t<\/div>\n\t\t<div class=\"has_eae_slider elementor-element elementor-element-3508d103 e-flex e-con-boxed e-con e-parent\" data-eae-slider=\"63424\" data-id=\"3508d103\" data-element_type=\"container\" data-e-type=\"container\">\n\t\t\t\t\t<div class=\"e-con-inner\">\n\t\t\t\t<div class=\"elementor-element elementor-element-229892f3 elementor-view-stacked elementor-widget__width-initial elementor-widget-mobile__width-inherit elementor-shape-circle elementor-position-block-start elementor-mobile-position-block-start elementor-widget elementor-widget-icon-box\" data-id=\"229892f3\" data-element_type=\"widget\" data-e-type=\"widget\" data-widget_type=\"icon-box.default\">\n\t\t\t\t<div class=\"elementor-widget-container\">\n\t\t\t\t\t\t\t<div class=\"elementor-icon-box-wrapper\">\n\n\t\t\t\t\t\t<div class=\"elementor-icon-box-icon\">\n\t\t\t\t<a href=\"tel:%20+351931310755\" class=\"elementor-icon\" tabindex=\"-1\" aria-label=\"Telefone\">\n\t\t\t\t<svg aria-hidden=\"true\" class=\"e-font-icon-svg e-fas-phone-alt\" viewBox=\"0 0 512 512\" xmlns=\"http:\/\/www.w3.org\/2000\/svg\"><path d=\"M497.39 361.8l-112-48a24 24 0 0 0-28 6.9l-49.6 60.6A370.66 370.66 0 0 1 130.6 204.11l60.6-49.6a23.94 23.94 0 0 0 6.9-28l-48-112A24.16 24.16 0 0 0 122.6.61l-104 24A24 24 0 0 0 0 48c0 256.5 207.9 464 464 464a24 24 0 0 0 23.4-18.6l24-104a24.29 24.29 0 0 0-14.01-27.6z\"><\/path><\/svg>\t\t\t\t<\/a>\n\t\t\t<\/div>\n\t\t\t\n\t\t\t\t\t\t<div class=\"elementor-icon-box-content\">\n\n\t\t\t\t\t\t\t\t\t<h3 class=\"elementor-icon-box-title\">\n\t\t\t\t\t\t<a href=\"tel:%20+351931310755\" >\n\t\t\t\t\t\t\tTelefone\t\t\t\t\t\t<\/a>\n\t\t\t\t\t<\/h3>\n\t\t\t\t\n\t\t\t\t\t\t\t\t\t<p class=\"elementor-icon-box-description\">\n\t\t\t\t\t\t<a href=\"tel:+351931310755\">(+351) 931 310 755<\/a><br>\n<a href=\"tel:+351914371059\">(+351) 914 371 059<\/a>\t\t\t\t\t<\/p>\n\t\t\t\t\n\t\t\t<\/div>\n\t\t\t\n\t\t<\/div>\n\t\t\t\t\t\t<\/div>\n\t\t\t\t<\/div>\n\t\t\t\t<div class=\"elementor-element elementor-element-2e480afe elementor-view-stacked elementor-widget__width-initial elementor-widget-mobile__width-inherit elementor-shape-circle elementor-position-block-start elementor-mobile-position-block-start elementor-widget elementor-widget-icon-box\" data-id=\"2e480afe\" data-element_type=\"widget\" data-e-type=\"widget\" data-widget_type=\"icon-box.default\">\n\t\t\t\t<div class=\"elementor-widget-container\">\n\t\t\t\t\t\t\t<div class=\"elementor-icon-box-wrapper\">\n\n\t\t\t\t\t\t<div class=\"elementor-icon-box-icon\">\n\t\t\t\t<a href=\"mailto:info@arkmindtech.com\" class=\"elementor-icon\" tabindex=\"-1\" aria-label=\"Email\">\n\t\t\t\t<i aria-hidden=\"true\" class=\"icon icon-email1\"><\/i>\t\t\t\t<\/a>\n\t\t\t<\/div>\n\t\t\t\n\t\t\t\t\t\t<div class=\"elementor-icon-box-content\">\n\n\t\t\t\t\t\t\t\t\t<h3 class=\"elementor-icon-box-title\">\n\t\t\t\t\t\t<a href=\"mailto:info@arkmindtech.com\" >\n\t\t\t\t\t\t\tEmail\t\t\t\t\t\t<\/a>\n\t\t\t\t\t<\/h3>\n\t\t\t\t\n\t\t\t\t\t\t\t\t\t<p class=\"elementor-icon-box-description\">\n\t\t\t\t\t\t<a href=\"mailto:~info@arkmindtech.com\">info@arkmindtech.com<\/a><\/br>\n<a href=\"mailto:geral@arkmindtech.com\">geral@arkmindtech.com<\/a>\t\t\t\t\t<\/p>\n\t\t\t\t\n\t\t\t<\/div>\n\t\t\t\n\t\t<\/div>\n\t\t\t\t\t\t<\/div>\n\t\t\t\t<\/div>\n\t\t\t\t<div class=\"elementor-element elementor-element-35572331 elementor-view-stacked elementor-widget__width-initial elementor-widget-mobile__width-inherit elementor-shape-circle elementor-position-block-start elementor-mobile-position-block-start elementor-widget elementor-widget-icon-box\" data-id=\"35572331\" data-element_type=\"widget\" data-e-type=\"widget\" data-widget_type=\"icon-box.default\">\n\t\t\t\t<div class=\"elementor-widget-container\">\n\t\t\t\t\t\t\t<div class=\"elementor-icon-box-wrapper\">\n\n\t\t\t\t\t\t<div class=\"elementor-icon-box-icon\">\n\t\t\t\t<span  class=\"elementor-icon\">\n\t\t\t\t<svg aria-hidden=\"true\" class=\"e-font-icon-svg e-fas-map-marker-alt\" viewBox=\"0 0 384 512\" xmlns=\"http:\/\/www.w3.org\/2000\/svg\"><path d=\"M172.268 501.67C26.97 291.031 0 269.413 0 192 0 85.961 85.961 0 192 0s192 85.961 192 192c0 77.413-26.97 99.031-172.268 309.67-9.535 13.774-29.93 13.773-39.464 0zM192 272c44.183 0 80-35.817 80-80s-35.817-80-80-80-80 35.817-80 80 35.817 80 80 80z\"><\/path><\/svg>\t\t\t\t<\/span>\n\t\t\t<\/div>\n\t\t\t\n\t\t\t\t\t\t<div class=\"elementor-icon-box-content\">\n\n\t\t\t\t\t\t\t\t\t<h3 class=\"elementor-icon-box-title\">\n\t\t\t\t\t\t<span  >\n\t\t\t\t\t\t\tMorada\t\t\t\t\t\t<\/span>\n\t\t\t\t\t<\/h3>\n\t\t\t\t\n\t\t\t\t\t\t\t\t\t<p class=\"elementor-icon-box-description\">\n\t\t\t\t\t\tAv. do Movimento das For\u00e7as Armadas 8 Amadora, Lisboa\t\t\t\t\t<\/p>\n\t\t\t\t\n\t\t\t<\/div>\n\t\t\t\n\t\t<\/div>\n\t\t\t\t\t\t<\/div>\n\t\t\t\t<\/div>\n\t\t\t\t\t<\/div>\n\t\t\t\t<\/div>\n\t\t\t\t<\/div>\n\t\t","protected":false},"excerpt":{"rendered":"<p>Estamos Aqui para Ajudar Please enable JavaScript in your browser to complete this form.Please enable JavaScript in your browser to complete this form.Informa\u00e7\u00f5es b\u00e1sicas &#8211; Step 1 of 3Nome *Telefone *Email *Nome da Empresapr\u00f3ximo Setor de Atua\u00e7\u00e3o E-commerce(venda online) Restaurantes Servi\u00e7os Profissionais (Consultoria, Advocacia, etc.) Sa\u00fade e Bem-Estar Turismo e Hotelaria Educa\u00e7\u00e3o e Treinamento Outros [&hellip;]<\/p>\n","protected":false},"author":1,"featured_media":0,"parent":0,"menu_order":0,"comment_status":"closed","ping_status":"closed","template":"","meta":{"inline_featured_image":false,"footnotes":""},"class_list":["post-1913","page","type-page","status-publish","hentry"],"_links":{"self":[{"href":"https:\/\/arkmindtech.com\/en\/wp-json\/wp\/v2\/pages\/1913","targetHints":{"allow":["GET"]}}],"collection":[{"href":"https:\/\/arkmindtech.com\/en\/wp-json\/wp\/v2\/pages"}],"about":[{"href":"https:\/\/arkmindtech.com\/en\/wp-json\/wp\/v2\/types\/page"}],"author":[{"embeddable":true,"href":"https:\/\/arkmindtech.com\/en\/wp-json\/wp\/v2\/users\/1"}],"replies":[{"embeddable":true,"href":"https:\/\/arkmindtech.com\/en\/wp-json\/wp\/v2\/comments?post=1913"}],"version-history":[{"count":5,"href":"https:\/\/arkmindtech.com\/en\/wp-json\/wp\/v2\/pages\/1913\/revisions"}],"predecessor-version":[{"id":2354,"href":"https:\/\/arkmindtech.com\/en\/wp-json\/wp\/v2\/pages\/1913\/revisions\/2354"}],"wp:attachment":[{"href":"https:\/\/arkmindtech.com\/en\/wp-json\/wp\/v2\/media?parent=1913"}],"curies":[{"name":"wp","href":"https:\/\/api.w.org\/{rel}","templated":true}]}}