{"id":613,"date":"2024-07-30T01:25:37","date_gmt":"2024-07-30T01:25:37","guid":{"rendered":"https:\/\/arkmindtech.com\/?page_id=613"},"modified":"2025-01-09T05:11:31","modified_gmt":"2025-01-09T05:11:31","slug":"termos-e-condicoes","status":"publish","type":"page","link":"https:\/\/arkmindtech.com\/en\/terms-and-conditions\/","title":{"rendered":"Terms and conditions"},"content":{"rendered":"<div data-elementor-type=\"wp-page\" data-elementor-id=\"613\" class=\"elementor elementor-613\" data-elementor-post-type=\"page\">\n\t\t\t\t<div class=\"has_eae_slider elementor-element elementor-element-383b1622 e-flex e-con-boxed e-con e-parent\" data-eae-slider=\"47256\" data-id=\"383b1622\" data-element_type=\"container\" data-e-type=\"container\">\n\t\t\t\t\t<div class=\"e-con-inner\">\n\t\t\t\t<div class=\"elementor-element elementor-element-47c34d73 elementor-widget elementor-widget-text-editor\" data-id=\"47c34d73\" data-element_type=\"widget\" data-e-type=\"widget\" data-widget_type=\"text-editor.default\">\n\t\t\t\t<div class=\"elementor-widget-container\">\n\t\t\t\t\t\t\t\t\t\n<h2 class=\"wp-block-heading has-medium-font-size\">1. terms<\/h2>\n\n\n\n<p>When you access the site <a href=\"\/en\/arkmindtech.com\/\">Ark Mind Tech<\/a>If you agree to be bound by these terms of service, you agree to comply with all applicable laws and regulations, and you agree that you are responsible for compliance with any applicable local laws. If you do not agree to any of these terms, you are prohibited from using or accessing this site. The materials on this site are protected by applicable copyright and trademark laws.<\/p>\n\n\n\n<h2 class=\"wp-block-heading has-medium-font-size\">2. Licence use<\/h2>\n\n\n\n<p>Permission is granted to temporarily download one copy of the materials (information or software) on Ark Mind Tech's web site for personal, non-commercial transitory viewing only. This is the grant of a licence, not a transfer of title, and under this licence you may not:&nbsp;<\/p>\n\n\n\n<ol class=\"wp-block-list\">\n<li>modify or copy the materials;&nbsp;<\/li>\n\n\n\n<li>use the materials for any commercial purpose or for public display (commercial or non-commercial);&nbsp;<\/li>\n\n\n\n<li>attempt to decompile or reverse engineer any software contained on the Ark Mind Tech website;&nbsp;<\/li>\n\n\n\n<li>remove any copyright or other proprietary notations from the materials; or&nbsp;<\/li>\n\n\n\n<li>transfer the materials to someone else or 'mirror' the materials on any other server.<\/li>\n<\/ol>\n\n\n\n<p>This licence shall automatically terminate if you violate any of these restrictions and may be terminated by Ark Mind Tech at any time. Upon terminating your viewing of these materials or upon the termination of this licence, you must delete all downloaded materials in your possession, whether in electronic or printed format.<\/p>\n\n\n\n<h2 class=\"wp-block-heading has-medium-font-size\">3. Disclaimer<\/h2>\n\n\n\n<ol class=\"wp-block-list\">\n<li>The materials on Ark Mind Tech's web site are provided 'as is'. Ark Mind Tech makes no warranties, expressed or implied, and hereby disclaims and negates all other warranties, including without limitation, implied warranties or conditions of merchantability, fitness for a particular purpose, or non-infringement of intellectual property or other violation of rights.<\/li>\n\n\n\n<li>Further, Ark Mind Tech does not warrant or make any representations concerning the accuracy, likely results, or reliability of the use of the materials on its Internet web site or otherwise relating to such materials or on any sites linked to this site.<\/li>\n<\/ol>\n\n\n\n<h2 class=\"wp-block-heading has-medium-font-size\">4. Limitations<\/h2>\n\n\n\n<p>In no event shall Ark Mind Tech or its suppliers be liable for any damages (including, without limitation, damages for loss of data or profit, or due to business interruption) arising out of the use or inability to use the materials on Ark Mind Tech, even if Ark Mind Tech or a Ark Mind Tech authorised representative has been notified orally or in writing of the possibility of such damage. Because some jurisdictions do not allow limitations on implied warranties, or limitations of liability for consequential or incidental damages, these limitations may not apply to you.<\/p>\n\n\n\n<h2 class=\"wp-block-heading has-medium-font-size\">5. Accuracy of materials<\/h2>\n\n\n\n<p>The materials appearing on Ark Mind Tech's web site could include technical, typographical, or photographic errors. Ark Mind Tech does not warrant that any of the materials on its web site are accurate, complete, or current. Ark Mind Tech may make changes to the materials contained on its web site at any time without notice. Ark Mind Tech does not, however, make any commitment to update the materials.<\/p>\n\n\n\n<h2 class=\"wp-block-heading has-medium-font-size\">6. Links<\/h2>\n\n\n\n<p>Ark Mind Tech has not analysed all the sites linked to its website and is not responsible for the contents of any such linked site. The inclusion of any link does not imply endorsement by Ark Mind Tech of the site. Use of any linked site is at the user's own risk.<\/p>\n\n\n\n<h3 class=\"wp-block-heading has-medium-font-size\">Modifications<\/h3>\n\n\n\n<p>Ark Mind Tech may revise these terms of service at any time without notice. By using this site, you agree to be bound by the current version of these terms of service.<\/p>\n\n\n\n<h3 class=\"wp-block-heading has-medium-font-size\">Applicable law<\/h3>\n\n\n\n<p>These terms and conditions are governed by and construed in accordance with the laws of Ark Mind Tech and you irrevocably submit to the exclusive jurisdiction of the courts in that state or location.<\/p>\n\t\t\t\t\t\t\t\t<\/div>\n\t\t\t\t<\/div>\n\t\t\t\t\t<\/div>\n\t\t\t\t<\/div>\n\t\t<div class=\"has_eae_slider elementor-element elementor-element-2cb7783 e-flex e-con-boxed e-con e-parent\" data-eae-slider=\"57737\" data-id=\"2cb7783\" data-element_type=\"container\" data-e-type=\"container\">\n\t\t\t\t\t<div class=\"e-con-inner\">\n\t\t\t\t<div class=\"elementor-element elementor-element-5bec969 elementor-widget elementor-widget-html\" data-id=\"5bec969\" data-element_type=\"widget\" data-e-type=\"widget\" data-widget_type=\"html.default\">\n\t\t\t\t<div class=\"elementor-widget-container\">\n\t\t\t\t\t<a target=\"_blank\" href=\"https:\/\/www.zaask.pt\/user\/eboigbedarlington54\" rel=\"noopener\"><img decoding=\"async\" src=\"https:\/\/www.zaask.pt\/widget?user=716185&widget=pro-findme\" alt=\"\" \/><\/a>\t\t\t\t<\/div>\n\t\t\t\t<\/div>\n\t\t\t\t\t<\/div>\n\t\t\t\t<\/div>\n\t\t\t\t<\/div>","protected":false},"excerpt":{"rendered":"<p>1. Termos Ao acessar ao site Ark Mind Tech, concorda em cumprir estes termos de servi\u00e7o, todas as leis e regulamentos aplic\u00e1veis \u200b\u200be concorda que \u00e9 respons\u00e1vel pelo cumprimento de todas as leis locais aplic\u00e1veis. Se voc\u00ea n\u00e3o concordar com algum desses termos, est\u00e1 proibido de usar ou acessar este site. Os materiais contidos neste [&hellip;]<\/p>\n","protected":false},"author":1,"featured_media":0,"parent":0,"menu_order":0,"comment_status":"closed","ping_status":"closed","template":"","meta":{"inline_featured_image":false,"footnotes":""},"class_list":["post-613","page","type-page","status-publish","hentry"],"_links":{"self":[{"href":"https:\/\/arkmindtech.com\/en\/wp-json\/wp\/v2\/pages\/613","targetHints":{"allow":["GET"]}}],"collection":[{"href":"https:\/\/arkmindtech.com\/en\/wp-json\/wp\/v2\/pages"}],"about":[{"href":"https:\/\/arkmindtech.com\/en\/wp-json\/wp\/v2\/types\/page"}],"author":[{"embeddable":true,"href":"https:\/\/arkmindtech.com\/en\/wp-json\/wp\/v2\/users\/1"}],"replies":[{"embeddable":true,"href":"https:\/\/arkmindtech.com\/en\/wp-json\/wp\/v2\/comments?post=613"}],"version-history":[{"count":5,"href":"https:\/\/arkmindtech.com\/en\/wp-json\/wp\/v2\/pages\/613\/revisions"}],"predecessor-version":[{"id":2016,"href":"https:\/\/arkmindtech.com\/en\/wp-json\/wp\/v2\/pages\/613\/revisions\/2016"}],"wp:attachment":[{"href":"https:\/\/arkmindtech.com\/en\/wp-json\/wp\/v2\/media?parent=613"}],"curies":[{"name":"wp","href":"https:\/\/api.w.org\/{rel}","templated":true}]}}